{"id":93,"date":"2024-03-08T11:44:41","date_gmt":"2024-03-08T10:44:41","guid":{"rendered":"https:\/\/sudrh.fr\/?page_id=93"},"modified":"2024-09-02T18:16:41","modified_gmt":"2024-09-02T16:16:41","slug":"notre-philosophie","status":"publish","type":"page","link":"https:\/\/www.sudrh.fr\/index.php\/notre-philosophie\/","title":{"rendered":"Notre philosophie"},"content":{"rendered":"\t\t<div data-elementor-type=\"wp-page\" data-elementor-id=\"93\" class=\"elementor elementor-93\">\n\t\t\t\t<div class=\"elementor-element elementor-element-4e7cf206 e-con-full e-flex e-con e-parent\" data-id=\"4e7cf206\" data-element_type=\"container\" data-e-type=\"container\">\n\t\t\t\t<div class=\"elementor-element elementor-element-be3f8c5 elementor-align-center elementor-widget elementor-widget-button\" data-id=\"be3f8c5\" data-element_type=\"widget\" data-e-type=\"widget\" data-widget_type=\"button.default\">\n\t\t\t\t<div class=\"elementor-widget-container\">\n\t\t\t\t\t\t\t\t\t<div class=\"elementor-button-wrapper\">\n\t\t\t\t\t<a class=\"elementor-button elementor-button-link elementor-size-sm\" href=\"https:\/\/sudrh.fr\/index.php\/nous-contacter\/\">\n\t\t\t\t\t\t<span class=\"elementor-button-content-wrapper\">\n\t\t\t\t\t\t\t\t\t<span class=\"elementor-button-text\">Nous contacter<\/span>\n\t\t\t\t\t<\/span>\n\t\t\t\t\t<\/a>\n\t\t\t\t<\/div>\n\t\t\t\t\t\t\t\t<\/div>\n\t\t\t\t<\/div>\n\t\t\t\t<div class=\"elementor-element elementor-element-5f7b62f8 elementor-widget elementor-widget-text-editor\" data-id=\"5f7b62f8\" data-element_type=\"widget\" data-e-type=\"widget\" data-widget_type=\"text-editor.default\">\n\t\t\t\t<div class=\"elementor-widget-container\">\n\t\t\t\t\t\t\t\t\t<p><\/p>\n<h2>SudRH est n\u00e9e de la volont\u00e9 5 copains Experts sp\u00e9cialiste RH de former une \u00e9quipe d&rsquo;experts RH afin&nbsp; d&rsquo;accompagner les entreprises et les personnes physiques.<\/h2>\n<h2>Notre life motive en tant qu&rsquo;entreprise provient de plusieurs demandes d&rsquo;accompagnement.<\/h2>\n<h2>Des Personnes ne sachant pas comment orienter leur vie professionnelle, acqu\u00e9rir des comp\u00e9tences essentielles, grandir professionnellement et vivre une satisfaction personnelle nous font appel pour de l&rsquo;accompagnement et du conseil.<br>Certaines entreprises pr\u00e9f\u00e8rent nous d\u00e9l\u00e9guer une partie ou la totalit\u00e9 de la gestion de leur ressources humaines.&nbsp;&nbsp;<\/h2>\n<h2>Toute personne physique ou morale peut simplement nous faire appel pour du conseil et ou de l&rsquo;accompagnent.<\/h2>\n<h2>Nous sommes une \u00e9quipe d&rsquo;expert ressources humaines qui vit l&rsquo;\u00e9volution du domaines des ressources humaines, du droit social, du droit du travail, de la r\u00e8glementation et qui r\u00e9pond \u00e0 toute demande ou question dans ce sens.&nbsp;<\/h2>\n<h2>Notre Philosophie repose sur l&rsquo;accompagnement de nos clients et leur satisfaction. Pour la confiance qu&rsquo;ils nous font,&nbsp; nous mettons notre expertise et notre exp\u00e9rience \u00e0 disposition afin de r\u00e9pondre efficacement.<\/h2>\n<h2>Vous aussi vous pouvez nous faire confiance pour la gestion des ressources humaines,&nbsp; du recrutement, de l&rsquo;administration du personnelle, de la paie, des relations sociales ainsi que l&rsquo;accompagnement dans la r\u00e9alisation de divers d\u00e9clarations.<\/h2>\n<p><\/p>\n<p><\/p>\n<p><\/p>\n<p><\/p>\n<p><\/p>\n<figure class=\"wp-block-gallery has-nested-images columns-default is-cropped wp-block-gallery-2 is-layout-flex wp-block-gallery-is-layout-flex\">\n<p><\/p>\n<p class=\"wp-block-image size-large\"><img fetchpriority=\"high\" decoding=\"async\" width=\"1024\" height=\"692\" data-id=\"47\" class=\"wp-image-47\" src=\"https:\/\/sudrh.fr\/wp-content\/uploads\/2024\/03\/17-1024x692.png\" alt=\"SudRH\" srcset=\"https:\/\/www.sudrh.fr\/wp-content\/uploads\/2024\/03\/17-1024x692.png 1024w, https:\/\/www.sudrh.fr\/wp-content\/uploads\/2024\/03\/17-300x203.png 300w, https:\/\/www.sudrh.fr\/wp-content\/uploads\/2024\/03\/17-768x519.png 768w, https:\/\/www.sudrh.fr\/wp-content\/uploads\/2024\/03\/17.png 1065w\" sizes=\"(max-width: 1024px) 100vw, 1024px\" \/><\/p>\n<p><\/p>\n<\/figure>\n<p><\/p>\n<h2 class=\"wp-block-heading\">Nous savons combien cela peut co\u00fbter une d\u00e9claration mal r\u00e9alis\u00e9e, r\u00e9alis\u00e9e avec retard ou non r\u00e9alis\u00e9e. Nous vous accompagnons dans la r\u00e9alisation de divers d\u00e9clarations obligatoires et r\u00e8glementaire dont la DSN.<\/h2>\n<p><\/p>\n<h2 class=\"wp-block-heading\">Nous pourrons vous aider gr\u00e2ce \u00e0 notre expertise dans le recrutement \u00e0 attirer et \u00e0 garder les meilleurs talents.<\/h2>\n<p><\/p>\n<h2 class=\"wp-block-heading\">Nous vous conseillerons et vous accompagnerons \u00e0 rendre votre entreprise plus attractive.<\/h2>\n<p><\/p>\n<h2 class=\"wp-block-heading\">Nos conseils vous permettront de vous d\u00e9velopper professionnellement et de d\u00e9velopper votre entreprise avec qui\u00e9tude<\/h2>\n<p><\/p>\t\t\t\t\t\t\t\t<\/div>\n\t\t\t\t<\/div>\n\t\t\t\t<\/div>\n\t\t<div class=\"elementor-element elementor-element-6c7faf6 e-con-full e-flex e-con e-parent\" data-id=\"6c7faf6\" data-element_type=\"container\" data-e-type=\"container\">\n\t\t\t\t<div class=\"elementor-element elementor-element-0835bac elementor-widget elementor-widget-image\" data-id=\"0835bac\" data-element_type=\"widget\" data-e-type=\"widget\" data-widget_type=\"image.default\">\n\t\t\t\t<div class=\"elementor-widget-container\">\n\t\t\t\t\t\t\t\t\t\t\t\t\t\t\t<img decoding=\"async\" width=\"612\" height=\"908\" src=\"https:\/\/www.sudrh.fr\/wp-content\/uploads\/2024\/03\/9.png\" class=\"attachment-large size-large wp-image-50\" alt=\"SudRH\" srcset=\"https:\/\/www.sudrh.fr\/wp-content\/uploads\/2024\/03\/9.png 612w, https:\/\/www.sudrh.fr\/wp-content\/uploads\/2024\/03\/9-202x300.png 202w\" sizes=\"(max-width: 612px) 100vw, 612px\" \/>\t\t\t\t\t\t\t\t\t\t\t\t\t\t\t<\/div>\n\t\t\t\t<\/div>\n\t\t\t\t<\/div>\n\t\t<div class=\"elementor-element elementor-element-d722b94 e-flex e-con-boxed e-con e-parent\" data-id=\"d722b94\" data-element_type=\"container\" data-e-type=\"container\" data-settings=\"{&quot;shape_divider_bottom&quot;:&quot;zigzag&quot;}\">\n\t\t\t\t\t<div class=\"e-con-inner\">\n\t\t\t\t<div class=\"elementor-shape elementor-shape-bottom\" aria-hidden=\"true\" data-negative=\"false\">\n\t\t\t<svg xmlns=\"http:\/\/www.w3.org\/2000\/svg\" viewBox=\"0 0 1800 5.8\" preserveAspectRatio=\"none\">\n  <path class=\"elementor-shape-fill\" d=\"M5.4.4l5.4 5.3L16.5.4l5.4 5.3L27.5.4 33 5.7 38.6.4l5.5 5.4h.1L49.9.4l5.4 5.3L60.9.4l5.5 5.3L72 .4l5.5 5.3L83.1.4l5.4 5.3L94.1.4l5.5 5.4h.2l5.6-5.4 5.5 5.3 5.6-5.3 5.4 5.3 5.6-5.3 5.5 5.3 5.6-5.3 5.5 5.4h.2l5.6-5.4 5.4 5.3L161 .4l5.4 5.3L172 .4l5.5 5.3 5.6-5.3 5.4 5.3 5.7-5.3 5.4 5.4h.2l5.6-5.4 5.5 5.3 5.6-5.3 5.5 5.3 5.6-5.3 5.4 5.3 5.6-5.3 5.5 5.4h.2l5.6-5.4 5.5 5.3L261 .4l5.4 5.3L272 .4l5.5 5.3 5.6-5.3 5.5 5.3 5.6-5.3 5.5 5.4h.1l5.7-5.4 5.4 5.3 5.6-5.3 5.5 5.3 5.6-5.3 5.4 5.3 5.7-5.3 5.4 5.4h.2l5.6-5.4 5.5 5.3L361 .4l5.5 5.3 5.6-5.3 5.4 5.3 5.6-5.3 5.5 5.3 5.6-5.3 5.5 5.4h.1l5.7-5.4 5.4 5.3 5.6-5.3 5.5 5.3 5.6-5.3 5.5 5.3 5.6-5.3 5.5 5.4h.1l5.6-5.4 5.5 5.3L461 .4l5.5 5.3 5.6-5.3 5.4 5.3 5.7-5.3 5.4 5.3 5.6-5.3 5.5 5.4h.2l5.6-5.4 5.5 5.3 5.6-5.3 5.4 5.3 5.6-5.3 5.5 5.3 5.6-5.3 5.5 5.4h.1L550 .4l5.4 5.3L561 .4l5.5 5.3 5.6-5.3 5.5 5.3 5.6-5.3 5.4 5.3 5.6-5.3 5.5 5.4h.2l5.6-5.4 5.5 5.3 5.6-5.3 5.4 5.3 5.7-5.3 5.4 5.3 5.6-5.3 5.5 5.4h.2L650 .4l5.5 5.3 5.6-5.3 5.4 5.3 5.6-5.3 5.5 5.3 5.6-5.3 5.5 5.3 5.6-5.3 5.4 5.4h.2l5.6-5.4 5.5 5.3 5.6-5.3 5.5 5.3 5.6-5.3 5.4 5.3 5.6-5.3 5.5 5.4h.2L750 .4l5.5 5.3 5.6-5.3 5.4 5.3 5.7-5.3 5.4 5.3 5.6-5.3 5.5 5.3 5.6-5.3 5.5 5.4h.1l5.7-5.4 5.4 5.3 5.6-5.3 5.5 5.3 5.6-5.3 5.5 5.3 5.6-5.3 5.4 5.4h.2L850 .4l5.5 5.3 5.6-5.3 5.5 5.3 5.6-5.3 5.4 5.3 5.6-5.3 5.5 5.3 5.6-5.3 5.5 5.4h.2l5.6-5.4 5.4 5.3 5.7-5.3 5.4 5.3 5.6-5.3 5.5 5.3 5.6-5.3 5.5 5.4h.1l5.7-5.4 5.4 5.3 5.6-5.3 5.5 5.3 5.6-5.3 5.5 5.3 5.6-5.3 5.4 5.3 5.6-5.3 5.5 5.4h.2l5.6-5.4 5.5 5.3 5.6-5.3 5.4 5.3 5.6-5.3 5.5 5.3 5.6-5.3 5.5 5.4h.2l5.6-5.4 5.4 5.3 5.7-5.3 5.4 5.3 5.6-5.3 5.5 5.3 5.6-5.3 5.5 5.3 5.6-5.3 5.4 5.4h.2l5.6-5.4 5.5 5.3 5.6-5.3 5.5 5.3 5.6-5.3 5.4 5.3 5.6-5.3 5.5 5.4h.2l5.6-5.4 5.5 5.3 5.6-5.3 5.4 5.3 5.6-5.3 5.5 5.3 5.6-5.3 5.5 5.3 5.6-5.3 5.5 5.4h.1l5.7-5.4 5.4 5.3 5.6-5.3 5.5 5.3 5.6-5.3 5.5 5.3 5.6-5.3 5.4 5.4h.2l5.6-5.4 5.5 5.3 5.6-5.3 5.5 5.3 5.6-5.3 5.4 5.3 5.6-5.3 5.5 5.3 5.6-5.3 5.5 5.4h.2l5.6-5.4 5.4 5.3 5.6-5.3 5.5 5.3 5.6-5.3 5.5 5.3 5.6-5.3 5.5 5.4h.1l5.7-5.4 5.4 5.3 5.6-5.3 5.5 5.3 5.6-5.3 5.5 5.3 5.6-5.3 5.4 5.3 5.6-5.3 5.5 5.4h.2l5.6-5.4 5.5 5.3 5.6-5.3 5.4 5.3 5.6-5.3 5.5 5.3 5.6-5.3 5.5 5.4h.2l5.6-5.4 5.4 5.3 5.6-5.3 5.5 5.3 5.6-5.3 5.5 5.3 5.6-5.3 5.4 5.3 5.7-5.3 5.4 5.4h.2l5.6-5.4 5.5 5.3 5.6-5.3 5.5 5.3 5.6-5.3 5.4 5.3 5.6-5.3 5.5 5.4h.2l5.6-5.4 5.5 5.3 5.6-5.3 5.4 5.3 5.6-5.3 5.5 5.3 5.6-5.3 5.5 5.3 5.6-5.3 5.5 5.4h.1l5.6-5.4 5.5 5.3 5.6-5.3 5.5 5.3 5.6-5.3 5.4 5.3 5.7-5.3 5.4 5.4h.2l5.6-5.4 5.5 5.3 5.6-5.3 5.5 5.3 5.6-5.3 5.4 5.3 5.6-5.3 5.5 5.3 5.6-5.3 5.5 5.4h.1l5.7-5.4 5.4 5.3 5.6-5.3 5.5 5.3 5.6-5.3 5.5 5.3 5.6-5.3 5.5 5.4h.1l5.6-5.4 5.5 5.3 5.6-5.3 5.5 5.3 5.6-5.3 5.4 5.3 5.7-5.3 5.4 5.3 5.6-5.3 5.5 5.4V0H-.2v5.8z\"\/>\n<\/svg>\n\t\t<\/div>\n\t\t\t\t<div class=\"elementor-element elementor-element-8f0fb82 elementor-widget elementor-widget-heading\" data-id=\"8f0fb82\" data-element_type=\"widget\" data-e-type=\"widget\" data-widget_type=\"heading.default\">\n\t\t\t\t<div class=\"elementor-widget-container\">\n\t\t\t\t\t<span class=\"elementor-heading-title elementor-size-default\"><br>SudRH vous propose un accompagnement complet <br>et des conseils adapt\u00e9es \u00e0 chaque situation <br>afin de r\u00e9soudre les probl\u00e9matiques rencontr\u00e9s <br>dans la gestion vos ressources humaines.<br><br>\nSudRH vous aide \u00e0 fa\u00e7onner positivement l\u2019avenir <br>de votre entreprise en misant sur une gestion efficace <br>de vos ressources humaines.<br><br>N'h\u00e9sitez pas \u00e0 nous poser vos questions nous <br>nous ferons le plaisir de vous r\u00e9pondre.<br>\n<\/span>\t\t\t\t<\/div>\n\t\t\t\t<\/div>\n\t\t\t\t\t<\/div>\n\t\t\t\t<\/div>\n\t\t<div class=\"elementor-element elementor-element-a123761 e-flex e-con-boxed e-con e-parent\" data-id=\"a123761\" data-element_type=\"container\" data-e-type=\"container\">\n\t\t\t\t\t<div class=\"e-con-inner\">\n\t\t\t\t<div class=\"elementor-element elementor-element-32f520a elementor-align-center elementor-widget elementor-widget-button\" data-id=\"32f520a\" data-element_type=\"widget\" data-e-type=\"widget\" data-widget_type=\"button.default\">\n\t\t\t\t<div class=\"elementor-widget-container\">\n\t\t\t\t\t\t\t\t\t<div class=\"elementor-button-wrapper\">\n\t\t\t\t\t<a class=\"elementor-button elementor-button-link elementor-size-sm\" href=\"https:\/\/www.sudrh.fr\/index.php\/nous-contacter\/\">\n\t\t\t\t\t\t<span class=\"elementor-button-content-wrapper\">\n\t\t\t\t\t\t\t\t\t<span class=\"elementor-button-text\">Nous contacter<\/span>\n\t\t\t\t\t<\/span>\n\t\t\t\t\t<\/a>\n\t\t\t\t<\/div>\n\t\t\t\t\t\t\t\t<\/div>\n\t\t\t\t<\/div>\n\t\t\t\t\t<\/div>\n\t\t\t\t<\/div>\n\t\t\t\t<\/div>\n\t\t","protected":false},"excerpt":{"rendered":"<p>Nous contacter SudRH est n\u00e9e de la volont\u00e9 5 copains Experts sp\u00e9cialiste RH de former une \u00e9quipe d&rsquo;experts RH afin&nbsp; d&rsquo;accompagner les entreprises et les personnes physiques. Notre life motive en tant qu&rsquo;entreprise provient de plusieurs demandes d&rsquo;accompagnement. Des Personnes ne sachant pas comment orienter leur vie professionnelle, acqu\u00e9rir des comp\u00e9tences essentielles, grandir professionnellement et [&hellip;]<\/p>\n","protected":false},"author":1,"featured_media":0,"parent":0,"menu_order":0,"comment_status":"closed","ping_status":"closed","template":"","meta":{"ocean_post_layout":"","ocean_both_sidebars_style":"","ocean_both_sidebars_content_width":0,"ocean_both_sidebars_sidebars_width":0,"ocean_sidebar":"","ocean_second_sidebar":"","ocean_disable_margins":"enable","ocean_add_body_class":"","ocean_shortcode_before_top_bar":"","ocean_shortcode_after_top_bar":"","ocean_shortcode_before_header":"","ocean_shortcode_after_header":"","ocean_has_shortcode":"","ocean_shortcode_after_title":"","ocean_shortcode_before_footer_widgets":"","ocean_shortcode_after_footer_widgets":"","ocean_shortcode_before_footer_bottom":"","ocean_shortcode_after_footer_bottom":"","ocean_display_top_bar":"default","ocean_display_header":"default","ocean_header_style":"","ocean_center_header_left_menu":"","ocean_custom_header_template":"","ocean_custom_logo":0,"ocean_custom_retina_logo":0,"ocean_custom_logo_max_width":0,"ocean_custom_logo_tablet_max_width":0,"ocean_custom_logo_mobile_max_width":0,"ocean_custom_logo_max_height":0,"ocean_custom_logo_tablet_max_height":0,"ocean_custom_logo_mobile_max_height":0,"ocean_header_custom_menu":"","ocean_menu_typo_font_family":"","ocean_menu_typo_font_subset":"","ocean_menu_typo_font_size":0,"ocean_menu_typo_font_size_tablet":0,"ocean_menu_typo_font_size_mobile":0,"ocean_menu_typo_font_size_unit":"px","ocean_menu_typo_font_weight":"","ocean_menu_typo_font_weight_tablet":"","ocean_menu_typo_font_weight_mobile":"","ocean_menu_typo_transform":"","ocean_menu_typo_transform_tablet":"","ocean_menu_typo_transform_mobile":"","ocean_menu_typo_line_height":0,"ocean_menu_typo_line_height_tablet":0,"ocean_menu_typo_line_height_mobile":0,"ocean_menu_typo_line_height_unit":"","ocean_menu_typo_spacing":0,"ocean_menu_typo_spacing_tablet":0,"ocean_menu_typo_spacing_mobile":0,"ocean_menu_typo_spacing_unit":"","ocean_menu_link_color":"","ocean_menu_link_color_hover":"","ocean_menu_link_color_active":"","ocean_menu_link_background":"","ocean_menu_link_hover_background":"","ocean_menu_link_active_background":"","ocean_menu_social_links_bg":"","ocean_menu_social_hover_links_bg":"","ocean_menu_social_links_color":"","ocean_menu_social_hover_links_color":"","ocean_disable_title":"default","ocean_disable_heading":"default","ocean_post_title":"","ocean_post_subheading":"","ocean_post_title_style":"","ocean_post_title_background_color":"","ocean_post_title_background":0,"ocean_post_title_bg_image_position":"","ocean_post_title_bg_image_attachment":"","ocean_post_title_bg_image_repeat":"","ocean_post_title_bg_image_size":"","ocean_post_title_height":0,"ocean_post_title_bg_overlay":0.5,"ocean_post_title_bg_overlay_color":"","ocean_disable_breadcrumbs":"default","ocean_breadcrumbs_color":"","ocean_breadcrumbs_separator_color":"","ocean_breadcrumbs_links_color":"","ocean_breadcrumbs_links_hover_color":"","ocean_display_footer_widgets":"default","ocean_display_footer_bottom":"default","ocean_custom_footer_template":"","footnotes":""},"class_list":["post-93","page","type-page","status-publish","hentry","entry"],"yoast_head":"<!-- This site is optimized with the Yoast SEO plugin v27.4 - https:\/\/yoast.com\/product\/yoast-seo-wordpress\/ -->\n<title>Notre philosophie - SUDRH - Consultant RH, Recrutement, RH, Gestion de la Paie, Gestion administrative du Personnel, Accompagnement au changement<\/title>\n<meta name=\"robots\" content=\"index, follow, max-snippet:-1, max-image-preview:large, max-video-preview:-1\" \/>\n<link rel=\"canonical\" href=\"https:\/\/www.sudrh.fr\/index.php\/notre-philosophie\/\" \/>\n<meta property=\"og:locale\" content=\"fr_FR\" \/>\n<meta property=\"og:type\" content=\"article\" \/>\n<meta property=\"og:title\" content=\"Notre philosophie - SUDRH - Consultant RH, Recrutement, RH, Gestion de la Paie, Gestion administrative du Personnel, Accompagnement au changement\" \/>\n<meta property=\"og:description\" content=\"Nous contacter SudRH est n\u00e9e de la volont\u00e9 5 copains Experts sp\u00e9cialiste RH de former une \u00e9quipe d&rsquo;experts RH afin&nbsp; d&rsquo;accompagner les entreprises et les personnes physiques. Notre life motive en tant qu&rsquo;entreprise provient de plusieurs demandes d&rsquo;accompagnement. Des Personnes ne sachant pas comment orienter leur vie professionnelle, acqu\u00e9rir des comp\u00e9tences essentielles, grandir professionnellement et [&hellip;]\" \/>\n<meta property=\"og:url\" content=\"https:\/\/www.sudrh.fr\/index.php\/notre-philosophie\/\" \/>\n<meta property=\"og:site_name\" content=\"SUDRH - Consultant RH, Recrutement, RH, Gestion de la Paie, Gestion administrative du Personnel, Accompagnement au changement\" \/>\n<meta property=\"article:modified_time\" content=\"2024-09-02T16:16:41+00:00\" \/>\n<meta property=\"og:image\" content=\"https:\/\/sudrh.fr\/wp-content\/uploads\/2024\/03\/17-1024x692.png\" \/>\n<meta name=\"twitter:card\" content=\"summary_large_image\" \/>\n<meta name=\"twitter:label1\" content=\"Dur\u00e9e de lecture estim\u00e9e\" \/>\n\t<meta name=\"twitter:data1\" content=\"3 minutes\" \/>\n<script type=\"application\/ld+json\" class=\"yoast-schema-graph\">{\"@context\":\"https:\\\/\\\/schema.org\",\"@graph\":[{\"@type\":\"WebPage\",\"@id\":\"https:\\\/\\\/www.sudrh.fr\\\/index.php\\\/notre-philosophie\\\/\",\"url\":\"https:\\\/\\\/www.sudrh.fr\\\/index.php\\\/notre-philosophie\\\/\",\"name\":\"Notre philosophie - SUDRH - Consultant RH, Recrutement, RH, Gestion de la Paie, Gestion administrative du Personnel, Accompagnement au changement\",\"isPartOf\":{\"@id\":\"https:\\\/\\\/www.sudrh.fr\\\/#website\"},\"primaryImageOfPage\":{\"@id\":\"https:\\\/\\\/www.sudrh.fr\\\/index.php\\\/notre-philosophie\\\/#primaryimage\"},\"image\":{\"@id\":\"https:\\\/\\\/www.sudrh.fr\\\/index.php\\\/notre-philosophie\\\/#primaryimage\"},\"thumbnailUrl\":\"https:\\\/\\\/sudrh.fr\\\/wp-content\\\/uploads\\\/2024\\\/03\\\/17-1024x692.png\",\"datePublished\":\"2024-03-08T10:44:41+00:00\",\"dateModified\":\"2024-09-02T16:16:41+00:00\",\"breadcrumb\":{\"@id\":\"https:\\\/\\\/www.sudrh.fr\\\/index.php\\\/notre-philosophie\\\/#breadcrumb\"},\"inLanguage\":\"fr-FR\",\"potentialAction\":[{\"@type\":\"ReadAction\",\"target\":[\"https:\\\/\\\/www.sudrh.fr\\\/index.php\\\/notre-philosophie\\\/\"]}]},{\"@type\":\"ImageObject\",\"inLanguage\":\"fr-FR\",\"@id\":\"https:\\\/\\\/www.sudrh.fr\\\/index.php\\\/notre-philosophie\\\/#primaryimage\",\"url\":\"https:\\\/\\\/sudrh.fr\\\/wp-content\\\/uploads\\\/2024\\\/03\\\/17-1024x692.png\",\"contentUrl\":\"https:\\\/\\\/sudrh.fr\\\/wp-content\\\/uploads\\\/2024\\\/03\\\/17-1024x692.png\"},{\"@type\":\"BreadcrumbList\",\"@id\":\"https:\\\/\\\/www.sudrh.fr\\\/index.php\\\/notre-philosophie\\\/#breadcrumb\",\"itemListElement\":[{\"@type\":\"ListItem\",\"position\":1,\"name\":\"Accueil\",\"item\":\"https:\\\/\\\/www.sudrh.fr\\\/\"},{\"@type\":\"ListItem\",\"position\":2,\"name\":\"Notre philosophie\"}]},{\"@type\":\"WebSite\",\"@id\":\"https:\\\/\\\/www.sudrh.fr\\\/#website\",\"url\":\"https:\\\/\\\/www.sudrh.fr\\\/\",\"name\":\"SudRH : Mon consultant RH \u00e0 360\u00b0\",\"description\":\"Mon consultant en ressources humaines\",\"publisher\":{\"@id\":\"https:\\\/\\\/www.sudrh.fr\\\/#organization\"},\"potentialAction\":[{\"@type\":\"SearchAction\",\"target\":{\"@type\":\"EntryPoint\",\"urlTemplate\":\"https:\\\/\\\/www.sudrh.fr\\\/?s={search_term_string}\"},\"query-input\":{\"@type\":\"PropertyValueSpecification\",\"valueRequired\":true,\"valueName\":\"search_term_string\"}}],\"inLanguage\":\"fr-FR\"},{\"@type\":\"Organization\",\"@id\":\"https:\\\/\\\/www.sudrh.fr\\\/#organization\",\"name\":\"SudRH : Mon consultant RH \u00e0 360\u00b0\",\"url\":\"https:\\\/\\\/www.sudrh.fr\\\/\",\"logo\":{\"@type\":\"ImageObject\",\"inLanguage\":\"fr-FR\",\"@id\":\"https:\\\/\\\/www.sudrh.fr\\\/#\\\/schema\\\/logo\\\/image\\\/\",\"url\":\"https:\\\/\\\/www.sudrh.fr\\\/wp-content\\\/uploads\\\/2024\\\/04\\\/cropped-LOGO-3.png\",\"contentUrl\":\"https:\\\/\\\/www.sudrh.fr\\\/wp-content\\\/uploads\\\/2024\\\/04\\\/cropped-LOGO-3.png\",\"width\":277,\"height\":92,\"caption\":\"SudRH : Mon consultant RH \u00e0 360\u00b0\"},\"image\":{\"@id\":\"https:\\\/\\\/www.sudrh.fr\\\/#\\\/schema\\\/logo\\\/image\\\/\"}}]}<\/script>\n<!-- \/ Yoast SEO plugin. -->","yoast_head_json":{"title":"Notre philosophie - SUDRH - Consultant RH, Recrutement, RH, Gestion de la Paie, Gestion administrative du Personnel, Accompagnement au changement","robots":{"index":"index","follow":"follow","max-snippet":"max-snippet:-1","max-image-preview":"max-image-preview:large","max-video-preview":"max-video-preview:-1"},"canonical":"https:\/\/www.sudrh.fr\/index.php\/notre-philosophie\/","og_locale":"fr_FR","og_type":"article","og_title":"Notre philosophie - SUDRH - Consultant RH, Recrutement, RH, Gestion de la Paie, Gestion administrative du Personnel, Accompagnement au changement","og_description":"Nous contacter SudRH est n\u00e9e de la volont\u00e9 5 copains Experts sp\u00e9cialiste RH de former une \u00e9quipe d&rsquo;experts RH afin&nbsp; d&rsquo;accompagner les entreprises et les personnes physiques. Notre life motive en tant qu&rsquo;entreprise provient de plusieurs demandes d&rsquo;accompagnement. Des Personnes ne sachant pas comment orienter leur vie professionnelle, acqu\u00e9rir des comp\u00e9tences essentielles, grandir professionnellement et [&hellip;]","og_url":"https:\/\/www.sudrh.fr\/index.php\/notre-philosophie\/","og_site_name":"SUDRH - Consultant RH, Recrutement, RH, Gestion de la Paie, Gestion administrative du Personnel, Accompagnement au changement","article_modified_time":"2024-09-02T16:16:41+00:00","og_image":[{"url":"https:\/\/sudrh.fr\/wp-content\/uploads\/2024\/03\/17-1024x692.png","type":"","width":"","height":""}],"twitter_card":"summary_large_image","twitter_misc":{"Dur\u00e9e de lecture estim\u00e9e":"3 minutes"},"schema":{"@context":"https:\/\/schema.org","@graph":[{"@type":"WebPage","@id":"https:\/\/www.sudrh.fr\/index.php\/notre-philosophie\/","url":"https:\/\/www.sudrh.fr\/index.php\/notre-philosophie\/","name":"Notre philosophie - SUDRH - Consultant RH, Recrutement, RH, Gestion de la Paie, Gestion administrative du Personnel, Accompagnement au changement","isPartOf":{"@id":"https:\/\/www.sudrh.fr\/#website"},"primaryImageOfPage":{"@id":"https:\/\/www.sudrh.fr\/index.php\/notre-philosophie\/#primaryimage"},"image":{"@id":"https:\/\/www.sudrh.fr\/index.php\/notre-philosophie\/#primaryimage"},"thumbnailUrl":"https:\/\/sudrh.fr\/wp-content\/uploads\/2024\/03\/17-1024x692.png","datePublished":"2024-03-08T10:44:41+00:00","dateModified":"2024-09-02T16:16:41+00:00","breadcrumb":{"@id":"https:\/\/www.sudrh.fr\/index.php\/notre-philosophie\/#breadcrumb"},"inLanguage":"fr-FR","potentialAction":[{"@type":"ReadAction","target":["https:\/\/www.sudrh.fr\/index.php\/notre-philosophie\/"]}]},{"@type":"ImageObject","inLanguage":"fr-FR","@id":"https:\/\/www.sudrh.fr\/index.php\/notre-philosophie\/#primaryimage","url":"https:\/\/sudrh.fr\/wp-content\/uploads\/2024\/03\/17-1024x692.png","contentUrl":"https:\/\/sudrh.fr\/wp-content\/uploads\/2024\/03\/17-1024x692.png"},{"@type":"BreadcrumbList","@id":"https:\/\/www.sudrh.fr\/index.php\/notre-philosophie\/#breadcrumb","itemListElement":[{"@type":"ListItem","position":1,"name":"Accueil","item":"https:\/\/www.sudrh.fr\/"},{"@type":"ListItem","position":2,"name":"Notre philosophie"}]},{"@type":"WebSite","@id":"https:\/\/www.sudrh.fr\/#website","url":"https:\/\/www.sudrh.fr\/","name":"SudRH : Mon consultant RH \u00e0 360\u00b0","description":"Mon consultant en ressources humaines","publisher":{"@id":"https:\/\/www.sudrh.fr\/#organization"},"potentialAction":[{"@type":"SearchAction","target":{"@type":"EntryPoint","urlTemplate":"https:\/\/www.sudrh.fr\/?s={search_term_string}"},"query-input":{"@type":"PropertyValueSpecification","valueRequired":true,"valueName":"search_term_string"}}],"inLanguage":"fr-FR"},{"@type":"Organization","@id":"https:\/\/www.sudrh.fr\/#organization","name":"SudRH : Mon consultant RH \u00e0 360\u00b0","url":"https:\/\/www.sudrh.fr\/","logo":{"@type":"ImageObject","inLanguage":"fr-FR","@id":"https:\/\/www.sudrh.fr\/#\/schema\/logo\/image\/","url":"https:\/\/www.sudrh.fr\/wp-content\/uploads\/2024\/04\/cropped-LOGO-3.png","contentUrl":"https:\/\/www.sudrh.fr\/wp-content\/uploads\/2024\/04\/cropped-LOGO-3.png","width":277,"height":92,"caption":"SudRH : Mon consultant RH \u00e0 360\u00b0"},"image":{"@id":"https:\/\/www.sudrh.fr\/#\/schema\/logo\/image\/"}}]}},"_links":{"self":[{"href":"https:\/\/www.sudrh.fr\/index.php\/wp-json\/wp\/v2\/pages\/93","targetHints":{"allow":["GET"]}}],"collection":[{"href":"https:\/\/www.sudrh.fr\/index.php\/wp-json\/wp\/v2\/pages"}],"about":[{"href":"https:\/\/www.sudrh.fr\/index.php\/wp-json\/wp\/v2\/types\/page"}],"author":[{"embeddable":true,"href":"https:\/\/www.sudrh.fr\/index.php\/wp-json\/wp\/v2\/users\/1"}],"replies":[{"embeddable":true,"href":"https:\/\/www.sudrh.fr\/index.php\/wp-json\/wp\/v2\/comments?post=93"}],"version-history":[{"count":174,"href":"https:\/\/www.sudrh.fr\/index.php\/wp-json\/wp\/v2\/pages\/93\/revisions"}],"predecessor-version":[{"id":818,"href":"https:\/\/www.sudrh.fr\/index.php\/wp-json\/wp\/v2\/pages\/93\/revisions\/818"}],"wp:attachment":[{"href":"https:\/\/www.sudrh.fr\/index.php\/wp-json\/wp\/v2\/media?parent=93"}],"curies":[{"name":"wp","href":"https:\/\/api.w.org\/{rel}","templated":true}]}}